{"id":43,"date":"2023-07-25T04:26:51","date_gmt":"2023-07-25T04:26:51","guid":{"rendered":"http:\/\/ce4rg.cl\/wp\/?page_id=43"},"modified":"2023-07-25T05:09:41","modified_gmt":"2023-07-25T05:09:41","slug":"cultural","status":"publish","type":"page","link":"https:\/\/ce4rg.cl\/wp\/?page_id=43","title":{"rendered":"Cultural"},"content":{"rendered":"\n<p>RECUERDOS DE FELIX MIRANDA SALAS ex CE4BI<br>Mi colega y amigo Oscar Ulloa CE4DIH, Dirigente de Radio Club Rancagua me pidi\u00f3 que<br>escribiera un art\u00edculo para el Boletin de CE4RG, el tema recuerdos de Felix Miranda S. CE4BI.<br>Dif\u00edcil misi\u00f3n hablar sobre Felix Miranda como escritor y Radioaficionado es tema para muchas<br>horas, har\u00e9 un resumen corto de su visa y obra.<\/p>\n\n\n\n<p>Felix Miranda Naci\u00f3 el a\u00f1o 1911 y falleci\u00f3 el a\u00f1o 1995 con 84 a\u00f1os de edad.<br>Radio Club Rancagua fue fundado el a\u00f1o 1936; Tuvo una vida muy activa hasta el 1939 que con<br>motivo de la segunda guerra Mundial 1939 a 1945 fue decretado el cierre de las bandas de<br>Radio Aficionados.<br>Pero Radio Club Rancagua sigui\u00f3 activo haciendo cursos y experimentaciones, formando<br>nuevos aficionados, entre estos alumnos estaba Felix Miranda. A mediados de 1946 se vuelven<br>a usar las bandas de Radio Aficionados, hab\u00edan pasado m\u00e1s de cinco a\u00f1os de inactividad radial.<br>Abiertas las bandas, salieron al \u00c9ter los rancag\u00fcinos: Victor Castro CE3EP, Bruno Stephani<br>CE3AP, F\u00e9lix Miranda CE4BI y otros colegas que formaban parte de la Flota del Cachapoal,<br>cuyos nombres lamentablemente no recuerdo (en este tiempo Rancagua formaba parte de la<br>zona 3 Radial, pocos a\u00f1os despu\u00e9s paso a formar la Zona Radial N\u00b04)<br>Interrumpiendo su vida como Radioaficionado, les presento a Felix Miranda como escritor:<br>Escrib\u00eda art\u00edculos de distintos temas en los Diarios Locales; en 1943 sali\u00f3 a circulaci\u00f3n su Libro<br>\u201cRancagua apuntes para una historia\u201d, posteriormente apareci\u00f3 en 1956 el Libro Santa Cruz de<br>Triana, Felix pertenec\u00eda a una agrupaci\u00f3n de Intelectuales de la regi\u00f3n a\u00fan existente, su<br>nombre 2Grupo Los In\u00fatiles\u201d<br>El a\u00f1o 1945 La Ilustre Municipalidad de Rancagua le entreg\u00f3 la Medalla Santa Cruz de Triana y<br>lo nombr\u00f3 Hijo Ilustre de Rancagua.<br>En 1964 Felix fue agraciado por la Sociedad de Escritores de Chile en el Concurso Nacional de<br>Literatura \u201cAlerce\u201d el premio fue la publicaci\u00f3n de su Libro \u201cVargas Vila\u201d, que fue editado por<br>la Editorial de la Universidad de Chile.<br>Volvamos a F\u00e9lix Miranda como Radioaficionado: En 1960Radio Club Rancagua lo nombr\u00f3<br>Socio Honorario de nuestro Radio Club, esto en m\u00e9rito por la constante preocupaci\u00f3n para<br>engrandecer a la Instituci\u00f3n. F\u00e9lix ocup\u00f3 todos los cargos del Directorio durante varios<br>per\u00edodos, en tres oportunidades fue presidente del Directorio; Delegado de Radio Club a<br>reuniones con otros Radio Clubes para formar la so\u00f1ada Federaci\u00f3n, en fin todo lo que pudo<br>hacer para mejorar la Radio afici\u00f3n lo realiz\u00f3, al final la semilla prosper\u00f3 y dio sus frutos.<br>Pero CE4BI aparec\u00eda cada vez menos en Radio, casi todas las semanas aparec\u00eda solo para<br>integrarse a la rueda Rancag\u00fcina, y muy a lo lejos lo escuch\u00e9 con unos amigos argentinos que<br>eran intelectuales como \u00e9l.<\/p>\n\n\n\n<p>Un d\u00eda Domingo viajamos en tren a una reuni\u00f3n con Radio Club Bancario de Santiago. Le<br>pregunt\u00e9 las razones de su alejamiento en los 40 metros, y \u00e9l me cont\u00f3 lo siguiente: El a\u00f1o<br>1948 ten\u00edan una rueda cultural en ella participaban colegas de Rancagua, Santiago y tres<br>colegas argentinos, una de esas noches se coloco como tema al Poeta y Dramaturgo Espa\u00f1ol<br>Federico Garc\u00eda Lorca, la raz\u00f3n para ello fue que se cumpl\u00eda un aniversario m\u00e1s de su muerte.<br>Uno de los colegas LU se permiti\u00f3 leer parte de una estrofa del poema \u201cLa casada infiel\u201d y un<br>colega de Santiago dio su opini\u00f3n muy elogiosa de la obra \u201cBodas de Sangre\u201d; luego pidi\u00f3 un<br>comprendido un Radioaficionado de Santiago para manifestar que esos temas estaban en<br>contra de los reglamentos de la Radio afici\u00f3n. F\u00e9lix Miranda un poco molesto le dijo que la<br>Radio afici\u00f3n era como el Arca de No\u00e9, en ella van los seres humanos y todos los animales<br>incluyendo al burro. Tomo la palabra uno de los colegas de Santiago y dijo el burro hablo<br>terminemos la rueda y todos se despidieron.<br>A la semana despu\u00e9s llegaba la orden de castigo por un mes a Felix Miranda y al colega de<br>Santiago.<br>Felix me dijo silas autoridades de mi pa\u00eds creen que la cultura no se debe difundir prefiero<br>callar.<br>El a\u00f1o 1962 el Directorio de Radio Club Rancagua acord\u00f3 crear una revista para la Radio Afici\u00f3n<br>Chilena y se acord\u00f3 que Felix Miranda ser\u00eda el Director. Despu\u00e9s de muchos argumentos Felix<br>acept\u00f3el puesto pero nos dijo\u2026 que ese ser\u00eda el \u00faltimo sacrificio para la Radsio Afici\u00f3n y<br>cumpli\u00f3. Durante 1963 a 1965 fue su Director y se decidi\u00f3 terminar con la publicaci\u00f3n por falta<br>de financiamiento.<br>En 1980 nos comunic\u00f3 que vend\u00eda sus equipos de Radio, arrendaba su cas y se trasladaba a San<br>Bernardo ; Se despidi\u00f3 de todos nosotros y F\u00e9lix desapareci\u00f3 de Rancagua.<br>A fines de 1994 lleg\u00f3 a Rancagua un hombre agotado y enfermo, falleci\u00f3 el a\u00f1o 1995.<br>Los Intelectuales y Radio Club Rancagua lo acompa\u00f1amos hasta su \u00faltima morada en el<br>Cementerio N\u00b02 de la ciudad. Hab\u00edamos perdido a un gran colega y amigo y Radio Club<br>Rancagua a un Socio Honorario.<br>Oscar Ulloa misi\u00f3n cumplida.<\/p>\n\n\n\n<p>Washington Cornejo C.<br>CE4FO<\/p>\n","protected":false},"excerpt":{"rendered":"<p>RECUERDOS DE FELIX MIRANDA SALAS ex CE4BIMi colega y amigo Oscar Ulloa CE4DIH, Dirigente de Radio Club Rancagua me pidi\u00f3 queescribiera un art\u00edculo para el Boletin de CE4RG, el tema recuerdos de Felix Miranda S. CE4BI.Dif\u00edcil misi\u00f3n hablar sobre Felix Miranda como escritor y Radioaficionado es tema para muchashoras, har\u00e9 un resumen corto de su [&hellip;]<\/p>\n","protected":false},"author":1,"featured_media":0,"parent":0,"menu_order":0,"comment_status":"closed","ping_status":"closed","template":"","meta":{"footnotes":""},"class_list":["post-43","page","type-page","status-publish","hentry"],"_links":{"self":[{"href":"https:\/\/ce4rg.cl\/wp\/index.php?rest_route=\/wp\/v2\/pages\/43"}],"collection":[{"href":"https:\/\/ce4rg.cl\/wp\/index.php?rest_route=\/wp\/v2\/pages"}],"about":[{"href":"https:\/\/ce4rg.cl\/wp\/index.php?rest_route=\/wp\/v2\/types\/page"}],"author":[{"embeddable":true,"href":"https:\/\/ce4rg.cl\/wp\/index.php?rest_route=\/wp\/v2\/users\/1"}],"replies":[{"embeddable":true,"href":"https:\/\/ce4rg.cl\/wp\/index.php?rest_route=%2Fwp%2Fv2%2Fcomments&post=43"}],"version-history":[{"count":2,"href":"https:\/\/ce4rg.cl\/wp\/index.php?rest_route=\/wp\/v2\/pages\/43\/revisions"}],"predecessor-version":[{"id":54,"href":"https:\/\/ce4rg.cl\/wp\/index.php?rest_route=\/wp\/v2\/pages\/43\/revisions\/54"}],"wp:attachment":[{"href":"https:\/\/ce4rg.cl\/wp\/index.php?rest_route=%2Fwp%2Fv2%2Fmedia&parent=43"}],"curies":[{"name":"wp","href":"https:\/\/api.w.org\/{rel}","templated":true}]}}